{"id":1029,"date":"2016-02-22T10:52:14","date_gmt":"2016-02-22T09:52:14","guid":{"rendered":"https:\/\/www.cemka.fr\/en\/home2\/"},"modified":"2020-01-07T12:44:44","modified_gmt":"2020-01-07T11:44:44","slug":"home","status":"publish","type":"page","link":"https:\/\/www.cemka.fr\/en\/","title":{"rendered":"Home"},"content":{"rendered":"","protected":false},"excerpt":{"rendered":"","protected":false},"author":14,"featured_media":0,"parent":0,"menu_order":0,"comment_status":"closed","ping_status":"closed","template":"page-home.php","meta":{"_acf_changed":false,"footnotes":""},"class_list":["post-1029","page","type-page","status-publish","hentry"],"acf":[],"yoast_head":"<!-- This site is optimized with the Yoast SEO plugin v27.3 - https:\/\/yoast.com\/product\/yoast-seo-wordpress\/ -->\n<title>cemka - Conseils et \u00e9tudes en Sant\u00e9 - Sant\u00e9 publique, M\u00e9dico-\u00e9conomie<\/title>\n<meta name=\"description\" content=\"Cemka est un des premiers bureaux d\u2019\u00e9tudes fran\u00e7ais dans le domaine de la Sant\u00e9 Publique, de l\u2019Economie de la sant\u00e9 et de l\u2019Epid\u00e9miologie.\" \/>\n<meta name=\"robots\" content=\"index, follow, max-snippet:-1, max-image-preview:large, max-video-preview:-1\" \/>\n<link rel=\"canonical\" href=\"https:\/\/www.cemka.fr\/en\/\" \/>\n<meta property=\"og:locale\" content=\"en_US\" \/>\n<meta property=\"og:type\" content=\"article\" \/>\n<meta property=\"og:title\" content=\"cemka - Conseils et \u00e9tudes en Sant\u00e9 - Sant\u00e9 publique, M\u00e9dico-\u00e9conomie\" \/>\n<meta property=\"og:description\" content=\"Cemka est un des premiers bureaux d\u2019\u00e9tudes fran\u00e7ais dans le domaine de la Sant\u00e9 Publique, de l\u2019Economie de la sant\u00e9 et de l\u2019Epid\u00e9miologie.\" \/>\n<meta property=\"og:url\" content=\"https:\/\/www.cemka.fr\/en\/\" \/>\n<meta property=\"og:site_name\" content=\"cemka\" \/>\n<meta property=\"article:modified_time\" content=\"2020-01-07T11:44:44+00:00\" \/>\n<meta name=\"twitter:card\" content=\"summary_large_image\" \/>\n<script type=\"application\/ld+json\" class=\"yoast-schema-graph\">{\"@context\":\"https:\\\/\\\/schema.org\",\"@graph\":[{\"@type\":\"WebPage\",\"@id\":\"https:\\\/\\\/www.cemka.fr\\\/en\\\/\",\"url\":\"https:\\\/\\\/www.cemka.fr\\\/en\\\/\",\"name\":\"cemka - Conseils et \u00e9tudes en Sant\u00e9 - Sant\u00e9 publique, M\u00e9dico-\u00e9conomie\",\"isPartOf\":{\"@id\":\"https:\\\/\\\/www.cemka.fr\\\/#website\"},\"datePublished\":\"2016-02-22T09:52:14+00:00\",\"dateModified\":\"2020-01-07T11:44:44+00:00\",\"description\":\"Cemka est un des premiers bureaux d\u2019\u00e9tudes fran\u00e7ais dans le domaine de la Sant\u00e9 Publique, de l\u2019Economie de la sant\u00e9 et de l\u2019Epid\u00e9miologie.\",\"breadcrumb\":{\"@id\":\"https:\\\/\\\/www.cemka.fr\\\/en\\\/#breadcrumb\"},\"inLanguage\":\"en-US\",\"potentialAction\":[{\"@type\":\"ReadAction\",\"target\":[\"https:\\\/\\\/www.cemka.fr\\\/en\\\/\"]}]},{\"@type\":\"BreadcrumbList\",\"@id\":\"https:\\\/\\\/www.cemka.fr\\\/en\\\/#breadcrumb\",\"itemListElement\":[{\"@type\":\"ListItem\",\"position\":1,\"name\":\"Accueil\",\"item\":\"https:\\\/\\\/www.cemka.fr\\\/en\\\/\"},{\"@type\":\"ListItem\",\"position\":2,\"name\":\"Home\"}]},{\"@type\":\"WebSite\",\"@id\":\"https:\\\/\\\/www.cemka.fr\\\/#website\",\"url\":\"https:\\\/\\\/www.cemka.fr\\\/\",\"name\":\"cemka\",\"description\":\"\",\"publisher\":{\"@id\":\"https:\\\/\\\/www.cemka.fr\\\/#organization\"},\"potentialAction\":[{\"@type\":\"SearchAction\",\"target\":{\"@type\":\"EntryPoint\",\"urlTemplate\":\"https:\\\/\\\/www.cemka.fr\\\/?s={search_term_string}\"},\"query-input\":{\"@type\":\"PropertyValueSpecification\",\"valueRequired\":true,\"valueName\":\"search_term_string\"}}],\"inLanguage\":\"en-US\"},{\"@type\":\"Organization\",\"@id\":\"https:\\\/\\\/www.cemka.fr\\\/#organization\",\"name\":\"CEMKA\",\"url\":\"https:\\\/\\\/www.cemka.fr\\\/\",\"logo\":{\"@type\":\"ImageObject\",\"inLanguage\":\"en-US\",\"@id\":\"https:\\\/\\\/www.cemka.fr\\\/#\\\/schema\\\/logo\\\/image\\\/\",\"url\":\"https:\\\/\\\/www.cemka.fr\\\/wp-content\\\/uploads\\\/2016\\\/02\\\/cemka_header-1-1.jpg\",\"contentUrl\":\"https:\\\/\\\/www.cemka.fr\\\/wp-content\\\/uploads\\\/2016\\\/02\\\/cemka_header-1-1.jpg\",\"width\":155,\"height\":67,\"caption\":\"CEMKA\"},\"image\":{\"@id\":\"https:\\\/\\\/www.cemka.fr\\\/#\\\/schema\\\/logo\\\/image\\\/\"}}]}<\/script>\n<!-- \/ Yoast SEO plugin. -->","yoast_head_json":{"title":"cemka - Conseils et \u00e9tudes en Sant\u00e9 - Sant\u00e9 publique, M\u00e9dico-\u00e9conomie","description":"Cemka est un des premiers bureaux d\u2019\u00e9tudes fran\u00e7ais dans le domaine de la Sant\u00e9 Publique, de l\u2019Economie de la sant\u00e9 et de l\u2019Epid\u00e9miologie.","robots":{"index":"index","follow":"follow","max-snippet":"max-snippet:-1","max-image-preview":"max-image-preview:large","max-video-preview":"max-video-preview:-1"},"canonical":"https:\/\/www.cemka.fr\/en\/","og_locale":"en_US","og_type":"article","og_title":"cemka - Conseils et \u00e9tudes en Sant\u00e9 - Sant\u00e9 publique, M\u00e9dico-\u00e9conomie","og_description":"Cemka est un des premiers bureaux d\u2019\u00e9tudes fran\u00e7ais dans le domaine de la Sant\u00e9 Publique, de l\u2019Economie de la sant\u00e9 et de l\u2019Epid\u00e9miologie.","og_url":"https:\/\/www.cemka.fr\/en\/","og_site_name":"cemka","article_modified_time":"2020-01-07T11:44:44+00:00","twitter_card":"summary_large_image","schema":{"@context":"https:\/\/schema.org","@graph":[{"@type":"WebPage","@id":"https:\/\/www.cemka.fr\/en\/","url":"https:\/\/www.cemka.fr\/en\/","name":"cemka - Conseils et \u00e9tudes en Sant\u00e9 - Sant\u00e9 publique, M\u00e9dico-\u00e9conomie","isPartOf":{"@id":"https:\/\/www.cemka.fr\/#website"},"datePublished":"2016-02-22T09:52:14+00:00","dateModified":"2020-01-07T11:44:44+00:00","description":"Cemka est un des premiers bureaux d\u2019\u00e9tudes fran\u00e7ais dans le domaine de la Sant\u00e9 Publique, de l\u2019Economie de la sant\u00e9 et de l\u2019Epid\u00e9miologie.","breadcrumb":{"@id":"https:\/\/www.cemka.fr\/en\/#breadcrumb"},"inLanguage":"en-US","potentialAction":[{"@type":"ReadAction","target":["https:\/\/www.cemka.fr\/en\/"]}]},{"@type":"BreadcrumbList","@id":"https:\/\/www.cemka.fr\/en\/#breadcrumb","itemListElement":[{"@type":"ListItem","position":1,"name":"Accueil","item":"https:\/\/www.cemka.fr\/en\/"},{"@type":"ListItem","position":2,"name":"Home"}]},{"@type":"WebSite","@id":"https:\/\/www.cemka.fr\/#website","url":"https:\/\/www.cemka.fr\/","name":"cemka","description":"","publisher":{"@id":"https:\/\/www.cemka.fr\/#organization"},"potentialAction":[{"@type":"SearchAction","target":{"@type":"EntryPoint","urlTemplate":"https:\/\/www.cemka.fr\/?s={search_term_string}"},"query-input":{"@type":"PropertyValueSpecification","valueRequired":true,"valueName":"search_term_string"}}],"inLanguage":"en-US"},{"@type":"Organization","@id":"https:\/\/www.cemka.fr\/#organization","name":"CEMKA","url":"https:\/\/www.cemka.fr\/","logo":{"@type":"ImageObject","inLanguage":"en-US","@id":"https:\/\/www.cemka.fr\/#\/schema\/logo\/image\/","url":"https:\/\/www.cemka.fr\/wp-content\/uploads\/2016\/02\/cemka_header-1-1.jpg","contentUrl":"https:\/\/www.cemka.fr\/wp-content\/uploads\/2016\/02\/cemka_header-1-1.jpg","width":155,"height":67,"caption":"CEMKA"},"image":{"@id":"https:\/\/www.cemka.fr\/#\/schema\/logo\/image\/"}}]}},"_links":{"self":[{"href":"https:\/\/www.cemka.fr\/en\/wp-json\/wp\/v2\/pages\/1029","targetHints":{"allow":["GET"]}}],"collection":[{"href":"https:\/\/www.cemka.fr\/en\/wp-json\/wp\/v2\/pages"}],"about":[{"href":"https:\/\/www.cemka.fr\/en\/wp-json\/wp\/v2\/types\/page"}],"author":[{"embeddable":true,"href":"https:\/\/www.cemka.fr\/en\/wp-json\/wp\/v2\/users\/14"}],"replies":[{"embeddable":true,"href":"https:\/\/www.cemka.fr\/en\/wp-json\/wp\/v2\/comments?post=1029"}],"version-history":[{"count":0,"href":"https:\/\/www.cemka.fr\/en\/wp-json\/wp\/v2\/pages\/1029\/revisions"}],"wp:attachment":[{"href":"https:\/\/www.cemka.fr\/en\/wp-json\/wp\/v2\/media?parent=1029"}],"curies":[{"name":"wp","href":"https:\/\/api.w.org\/{rel}","templated":true}]}}